{"id":40,"date":"2020-02-24T03:37:52","date_gmt":"2020-02-24T03:37:52","guid":{"rendered":"https:\/\/old3.commonsupport.com\/rinbuild\/?page_id=40"},"modified":"2025-02-01T07:34:09","modified_gmt":"2025-02-01T07:34:09","slug":"kontakt","status":"publish","type":"page","link":"https:\/\/ele-konstrakt.al\/en\/kontakt\/","title":{"rendered":"Contact Us"},"content":{"rendered":"<div data-elementor-type=\"wp-page\" data-elementor-id=\"40\" class=\"elementor elementor-40\">\n\t\t\t\t\t\t<div class=\"elementor-inner\">\n\t\t\t\t<div class=\"elementor-section-wrap\">\n\t\t\t\t\t\t\t\t\t<section class=\"elementor-section elementor-top-section elementor-element elementor-element-dc02139 elementor-section-boxed elementor-section-height-default elementor-section-height-default\" data-id=\"dc02139\" data-element_type=\"section\" data-settings=\"{&quot;background_background&quot;:&quot;classic&quot;}\">\n\t\t\t\t\t\t<div class=\"elementor-container elementor-column-gap-default\">\n\t\t\t\t\t\t\t<div class=\"elementor-row\">\n\t\t\t\t\t<div class=\"elementor-column elementor-col-33 elementor-top-column elementor-element elementor-element-329f49a\" data-id=\"329f49a\" data-element_type=\"column\">\n\t\t\t<div class=\"elementor-column-wrap elementor-element-populated\">\n\t\t\t\t\t\t\t<div class=\"elementor-widget-wrap\">\n\t\t\t\t\t\t<div class=\"elementor-element elementor-element-63a2809 elementor-widget elementor-widget-rinbuild_contact_info\" data-id=\"63a2809\" data-element_type=\"widget\" data-widget_type=\"rinbuild_contact_info.default\">\n\t\t\t\t<div class=\"elementor-widget-container\">\n\t\t\t<section class=\"contact-info-area\">\n    <div class=\"container\">\n        <div class=\"row\">\n\t\t\t<div class=\"col-xl-12 col-lg-12\">\n                <div class=\"single-contact-info-box text-center\">\n                    <div class=\"icon\"><span class=\"icon flaticon-headphones\"><\/span><\/div>\n                    <div class=\"title\">\n                        <h3>\nPhone Number<\/h3>\n                        <ul>\n                            <li><a href=\"#\">(+355) 69 701 5535\n<\/a><\/li>\n                            <li><a href=\"#\"><\/a><\/li>\n                        <\/ul>\n                    <\/div>\n                <\/div>\n            <\/div>\t\t\t\n        <\/div>\n    <\/div>\n<\/section>\n\t\t\t\t<\/div>\n\t\t\t\t<\/div>\n\t\t\t\t\t\t<\/div>\n\t\t\t\t\t<\/div>\n\t\t<\/div>\n\t\t\t\t<div class=\"elementor-column elementor-col-33 elementor-top-column elementor-element elementor-element-7558a13\" data-id=\"7558a13\" data-element_type=\"column\">\n\t\t\t<div class=\"elementor-column-wrap elementor-element-populated\">\n\t\t\t\t\t\t\t<div class=\"elementor-widget-wrap\">\n\t\t\t\t\t\t<div class=\"elementor-element elementor-element-7a6ef48 elementor-widget elementor-widget-rinbuild_contact_info\" data-id=\"7a6ef48\" data-element_type=\"widget\" data-widget_type=\"rinbuild_contact_info.default\">\n\t\t\t\t<div class=\"elementor-widget-container\">\n\t\t\t<section class=\"contact-info-area\">\n    <div class=\"container\">\n        <div class=\"row\">\n\t\t\t<div class=\"col-xl-12 col-lg-12\">\n                <div class=\"single-contact-info-box text-center\">\n                    <div class=\"icon\"><span class=\"icon flaticon-mail-1\"><\/span><\/div>\n                    <div class=\"title\">\n                        <h3>E-mail<\/h3>\n                        <ul>\n                            <li><a href=\"#\">Project@ele-konstrakt.al<br>\nTechnical@ele-konstrakt.al<\/a><\/li>\n                            <li><a href=\"#\"><\/a><\/li>\n                        <\/ul>\n                    <\/div>\n                <\/div>\n            <\/div>\t\t\t\n        <\/div>\n    <\/div>\n<\/section>\n\t\t\t\t<\/div>\n\t\t\t\t<\/div>\n\t\t\t\t\t\t<\/div>\n\t\t\t\t\t<\/div>\n\t\t<\/div>\n\t\t\t\t<div class=\"elementor-column elementor-col-33 elementor-top-column elementor-element elementor-element-5d1bfc3\" data-id=\"5d1bfc3\" data-element_type=\"column\">\n\t\t\t<div class=\"elementor-column-wrap elementor-element-populated\">\n\t\t\t\t\t\t\t<div class=\"elementor-widget-wrap\">\n\t\t\t\t\t\t<div class=\"elementor-element elementor-element-9d12c10 elementor-widget elementor-widget-rinbuild_contact_info\" data-id=\"9d12c10\" data-element_type=\"widget\" data-widget_type=\"rinbuild_contact_info.default\">\n\t\t\t\t<div class=\"elementor-widget-container\">\n\t\t\t<section class=\"contact-info-area\">\n    <div class=\"container\">\n        <div class=\"row\">\n\t\t\t<div class=\"col-xl-12 col-lg-12\">\n                <div class=\"single-contact-info-box text-center\">\n                    <div class=\"icon\"><span class=\"icon flaticon-pin-1\"><\/span><\/div>\n                    <div class=\"title\">\n                        <h3>Main Address<\/h3>\n                        <ul>\n                            <li><a href=\"#\">Rr. Vaqarr-Tiran\u00eb, km 4<\/a><\/li>\n                            <li><a href=\"#\"><\/a><\/li>\n                        <\/ul>\n                    <\/div>\n                <\/div>\n            <\/div>\t\t\t\n        <\/div>\n    <\/div>\n<\/section>\n\t\t\t\t<\/div>\n\t\t\t\t<\/div>\n\t\t\t\t\t\t<\/div>\n\t\t\t\t\t<\/div>\n\t\t<\/div>\n\t\t\t\t\t\t\t\t<\/div>\n\t\t\t\t\t<\/div>\n\t\t<\/section>\n\t\t\t\t<section class=\"elementor-section elementor-top-section elementor-element elementor-element-911ba13 elementor-section-boxed elementor-section-height-default elementor-section-height-default\" data-id=\"911ba13\" data-element_type=\"section\">\n\t\t\t\t\t\t<div class=\"elementor-container elementor-column-gap-default\">\n\t\t\t\t\t\t\t<div class=\"elementor-row\">\n\t\t\t\t\t<div class=\"elementor-column elementor-col-100 elementor-top-column elementor-element elementor-element-5cbefc2\" data-id=\"5cbefc2\" data-element_type=\"column\">\n\t\t\t<div class=\"elementor-column-wrap elementor-element-populated\">\n\t\t\t\t\t\t\t<div class=\"elementor-widget-wrap\">\n\t\t\t\t\t\t<div class=\"elementor-element elementor-element-b827f81 elementor-widget elementor-widget-rinbuild_contactform\" data-id=\"b827f81\" data-element_type=\"widget\" data-widget_type=\"rinbuild_contactform.default\">\n\t\t\t\t<div class=\"elementor-widget-container\">\n\t\t\t<section class=\"contact-form-area\">\n    <div class=\"auto-container\">\n        <div class=\"row clearfix\"> \n            <div class=\"col-xl-12 col-lg-12 col-md-12\">\n                <div class=\"contact-form\">\n                    <div class=\"title\">\n                        <h3>Contact Us\n<\/h3>\n                    <\/div>\n                    <div class=\"inner-box\">\n                        <div role=\"form\" class=\"wpcf7\" id=\"wpcf7-f6-o1\" lang=\"en-US\" dir=\"ltr\">\n<div class=\"screen-reader-response\"><p role=\"status\" aria-live=\"polite\" aria-atomic=\"true\"><\/p> <ul><\/ul><\/div>\n<form action=\"\/en\/wp-json\/wp\/v2\/pages\/40#wpcf7-f6-o1\" method=\"post\" class=\"wpcf7-form init\" novalidate=\"novalidate\" data-status=\"init\" data-trp-original-action=\"\/en\/wp-json\/wp\/v2\/pages\/40#wpcf7-f6-o1\">\n<div style=\"display: none;\">\n<input type=\"hidden\" name=\"_wpcf7\" value=\"6\" \/>\n<input type=\"hidden\" name=\"_wpcf7_version\" value=\"5.6.3\" \/>\n<input type=\"hidden\" name=\"_wpcf7_locale\" value=\"en_US\" \/>\n<input type=\"hidden\" name=\"_wpcf7_unit_tag\" value=\"wpcf7-f6-o1\" \/>\n<input type=\"hidden\" name=\"_wpcf7_container_post\" value=\"0\" \/>\n<input type=\"hidden\" name=\"_wpcf7_posted_data_hash\" value=\"\" \/>\n<\/div>\n<div class=\"default-form2\">\n<div class=\"row\">\n<div class=\"col-xl-6\">\n<div class=\"input-box\">\n<p>Name (required)<\/p>\n<p><span class=\"wpcf7-form-control-wrap\" data-name=\"text-937\"><input type=\"text\" name=\"text-937\" value=\"\" size=\"40\" class=\"wpcf7-form-control wpcf7-text wpcf7-validates-as-required\" aria-required=\"true\" aria-invalid=\"false\" \/><\/span><\/p><\/div>\n<\/div>\n<div class=\"col-xl-6\">\n<div class=\"input-box\">\n<p>E-mail (required)<\/p>\n<p><span class=\"wpcf7-form-control-wrap\" data-name=\"email-191\"><input type=\"email\" name=\"email-191\" value=\"\" size=\"40\" class=\"wpcf7-form-control wpcf7-text wpcf7-email wpcf7-validates-as-required wpcf7-validates-as-email\" aria-required=\"true\" aria-invalid=\"false\" \/><\/span><\/p><\/div>\n<\/div>\n<\/div>\n<div class=\"row\">\n<div class=\"col-xl-6\">\n<div class=\"input-box\">\n<p>Subject<\/p>\n<p><span class=\"wpcf7-form-control-wrap\" data-name=\"text-323\"><input type=\"text\" name=\"text-323\" value=\"\" size=\"40\" class=\"wpcf7-form-control wpcf7-text\" aria-invalid=\"false\" \/><\/span><\/p><\/div>\n<\/div>\n<div class=\"col-xl-6\">\n<div class=\"input-box\">\n<p>Phone Number:<\/p>\n<p><span class=\"wpcf7-form-control-wrap\" data-name=\"text-338\"><input type=\"text\" name=\"text-338\" value=\"\" size=\"40\" class=\"wpcf7-form-control wpcf7-text\" aria-invalid=\"false\" \/><\/span><\/p><\/div>\n<\/div>\n<\/div>\n<div class=\"row\">\n<div class=\"col-xl-12\">\n<div class=\"input-box\">\n<p>Your Message<\/p>\n<p><span class=\"wpcf7-form-control-wrap\" data-name=\"textarea-445\"><textarea name=\"textarea-445\" cols=\"40\" rows=\"10\" class=\"wpcf7-form-control wpcf7-textarea\" aria-invalid=\"false\"><\/textarea><\/span><\/p><\/div>\n<\/div>\n<\/div>\n<div class=\"row\">\n<div class=\"col-xl-12\">\n<div class=\"button-box\"><input id=\"form_botcheck\" name=\"form_botcheck\" class=\"form-control\" type=\"hidden\" value=\"\"><button class=\"btn-one\" type=\"submit\" data-loading-text=\"Ju lutemi prisni...\">Send<\/button><\/div>\n<\/div>\n<\/div>\n<\/div>\n<div class=\"wpcf7-response-output\" aria-hidden=\"true\"><\/div><input type=\"hidden\" name=\"trp-form-language\" value=\"en\"\/><\/form><\/div>                    <\/div>\n                <\/div>\n            <\/div>\n        <\/div>\n    <\/div>\n<\/section>\n\t\t\t\t<\/div>\n\t\t\t\t<\/div>\n\t\t\t\t\t\t<\/div>\n\t\t\t\t\t<\/div>\n\t\t<\/div>\n\t\t\t\t\t\t\t\t<\/div>\n\t\t\t\t\t<\/div>\n\t\t<\/section>\n\t\t\t\t<section class=\"elementor-section elementor-top-section elementor-element elementor-element-c9badb0 elementor-section-stretched elementor-section-full_width elementor-section-height-default elementor-section-height-default\" data-id=\"c9badb0\" data-element_type=\"section\" data-settings=\"{&quot;stretch_section&quot;:&quot;section-stretched&quot;}\">\n\t\t\t\t\t\t<div class=\"elementor-container elementor-column-gap-no\">\n\t\t\t\t\t\t\t<div class=\"elementor-row\">\n\t\t\t\t\t<div class=\"elementor-column elementor-col-100 elementor-top-column elementor-element elementor-element-16cfe98\" data-id=\"16cfe98\" data-element_type=\"column\">\n\t\t\t<div class=\"elementor-column-wrap elementor-element-populated\">\n\t\t\t\t\t\t\t<div class=\"elementor-widget-wrap\">\n\t\t\t\t\t\t<div class=\"elementor-element elementor-element-f8961c4 elementor-widget elementor-widget-google_maps\" data-id=\"f8961c4\" data-element_type=\"widget\" data-widget_type=\"google_maps.default\">\n\t\t\t\t<div class=\"elementor-widget-container\">\n\t\t\t\t\t<div class=\"elementor-custom-embed\">\n\t\t\t<iframe frameborder=\"0\" scrolling=\"no\" marginheight=\"0\" marginwidth=\"0\"\n\t\t\t\t\tsrc=\"https:\/\/maps.google.com\/maps?q=41.2954834%2C19.7346857&#038;t=m&#038;z=14&#038;output=embed&#038;iwloc=near\"\n\t\t\t\t\ttitle=\"41.2954834,19.7346857\"\n\t\t\t\t\taria-label=\"41.2954834,19.7346857\"\n\t\t\t><\/iframe>\n\t\t<\/div>\n\t\t\t\t<\/div>\n\t\t\t\t<\/div>\n\t\t\t\t\t\t<\/div>\n\t\t\t\t\t<\/div>\n\t\t<\/div>\n\t\t\t\t\t\t\t\t<\/div>\n\t\t\t\t\t<\/div>\n\t\t<\/section>\n\t\t\t\t\t\t\t\t\t<\/div>\n\t\t\t<\/div>\n\t\t\t\t\t<\/div>","protected":false},"excerpt":{"rendered":"<p>Tel (+355) 69 701 5535 Email Project@ele-konstrakt.al Technical@ele-konstrakt.al Adresa kryesore Rr. Vaqarr-Tiran\u00eb, km 4 NA KONTAKTONI Emri (i detyruesh\u00ebm): Email (i detyruesh\u00ebm): Subjekti: Nr. Tel: Mesazhi juaj: D\u00ebrgo<\/p>","protected":false},"author":1,"featured_media":0,"parent":0,"menu_order":0,"comment_status":"closed","ping_status":"closed","template":"tpl-default-elementor.php","meta":{"footnotes":""},"class_list":["post-40","page","type-page","status-publish","hentry"],"yoast_head":"<!-- This site is optimized with the Yoast SEO plugin v19.7.1 - https:\/\/yoast.com\/wordpress\/plugins\/seo\/ -->\n<title>Kontakt - ELE KONSTRAKT<\/title>\n<meta name=\"description\" content=\"ELE KONSTRAKT Kontakt - Tel: (+355) 69 25 27 877 - Email: elekonstrakt@gmail.com - Adresa: Rr. Vaqarr-Tiran\u00eb, km 4\" \/>\n<meta name=\"robots\" content=\"index, follow, max-snippet:-1, max-image-preview:large, max-video-preview:-1\" \/>\n<link rel=\"canonical\" href=\"https:\/\/ele-konstrakt.al\/en\/kontakt\/\" \/>\n<meta property=\"og:locale\" content=\"en_US\" \/>\n<meta property=\"og:type\" content=\"article\" \/>\n<meta property=\"og:title\" content=\"Kontakt - ELE KONSTRAKT\" \/>\n<meta property=\"og:description\" content=\"ELE KONSTRAKT Kontakt - Tel: (+355) 69 25 27 877 - Email: elekonstrakt@gmail.com - Adresa: Rr. Vaqarr-Tiran\u00eb, km 4\" \/>\n<meta property=\"og:url\" content=\"https:\/\/ele-konstrakt.al\/en\/kontakt\/\" \/>\n<meta property=\"og:site_name\" content=\"ELE KONSTRAKT\" \/>\n<meta property=\"article:publisher\" content=\"https:\/\/www.facebook.com\/ele.konstrakt.1\" \/>\n<meta property=\"article:modified_time\" content=\"2025-02-01T07:34:09+00:00\" \/>\n<meta name=\"twitter:card\" content=\"summary_large_image\" \/>\n<meta name=\"twitter:label1\" content=\"Est. reading time\" \/>\n\t<meta name=\"twitter:data1\" content=\"1 minute\" \/>\n<script type=\"application\/ld+json\" class=\"yoast-schema-graph\">{\"@context\":\"https:\/\/schema.org\",\"@graph\":[{\"@type\":\"WebPage\",\"@id\":\"https:\/\/ele-konstrakt.al\/kontakt\/\",\"url\":\"https:\/\/ele-konstrakt.al\/kontakt\/\",\"name\":\"Kontakt - ELE KONSTRAKT\",\"isPartOf\":{\"@id\":\"https:\/\/ele-konstrakt.al\/#website\"},\"datePublished\":\"2020-02-24T03:37:52+00:00\",\"dateModified\":\"2025-02-01T07:34:09+00:00\",\"description\":\"ELE KONSTRAKT Kontakt - Tel: (+355) 69 25 27 877 - Email: elekonstrakt@gmail.com - Adresa: Rr. Vaqarr-Tiran\u00eb, km 4\",\"breadcrumb\":{\"@id\":\"https:\/\/ele-konstrakt.al\/kontakt\/#breadcrumb\"},\"inLanguage\":\"en-US\",\"potentialAction\":[{\"@type\":\"ReadAction\",\"target\":[\"https:\/\/ele-konstrakt.al\/kontakt\/\"]}]},{\"@type\":\"BreadcrumbList\",\"@id\":\"https:\/\/ele-konstrakt.al\/kontakt\/#breadcrumb\",\"itemListElement\":[{\"@type\":\"ListItem\",\"position\":1,\"name\":\"Home\",\"item\":\"https:\/\/ele-konstrakt.al\/\"},{\"@type\":\"ListItem\",\"position\":2,\"name\":\"Kontakt\"}]},{\"@type\":\"WebSite\",\"@id\":\"https:\/\/ele-konstrakt.al\/#website\",\"url\":\"https:\/\/ele-konstrakt.al\/\",\"name\":\"ELE KONSTRAKT\",\"description\":\"Partneri juar i besuar\",\"publisher\":{\"@id\":\"https:\/\/ele-konstrakt.al\/#organization\"},\"potentialAction\":[{\"@type\":\"SearchAction\",\"target\":{\"@type\":\"EntryPoint\",\"urlTemplate\":\"https:\/\/ele-konstrakt.al\/?s={search_term_string}\"},\"query-input\":\"required name=search_term_string\"}],\"inLanguage\":\"en-US\"},{\"@type\":\"Organization\",\"@id\":\"https:\/\/ele-konstrakt.al\/#organization\",\"name\":\"ELE KONSTRAKT\",\"url\":\"https:\/\/ele-konstrakt.al\/\",\"sameAs\":[\"https:\/\/www.instagram.com\/ele_konstrakt_shpk\/\",\"https:\/\/www.facebook.com\/ele.konstrakt.1\"],\"logo\":{\"@type\":\"ImageObject\",\"inLanguage\":\"en-US\",\"@id\":\"https:\/\/ele-konstrakt.al\/#\/schema\/logo\/image\/\",\"url\":\"https:\/\/ele-konstrakt.al\/wp-content\/uploads\/2020\/07\/logo_ele.png\",\"contentUrl\":\"https:\/\/ele-konstrakt.al\/wp-content\/uploads\/2020\/07\/logo_ele.png\",\"width\":505,\"height\":67,\"caption\":\"ELE KONSTRAKT\"},\"image\":{\"@id\":\"https:\/\/ele-konstrakt.al\/#\/schema\/logo\/image\/\"}}]}<\/script>\n<!-- \/ Yoast SEO plugin. -->","yoast_head_json":{"title":"Kontakt - ELE KONSTRAKT","description":"ELE KONSTRAKT Kontakt - Tel: (+355) 69 25 27 877 - Email: elekonstrakt@gmail.com - Adresa: Rr. Vaqarr-Tiran\u00eb, km 4","robots":{"index":"index","follow":"follow","max-snippet":"max-snippet:-1","max-image-preview":"max-image-preview:large","max-video-preview":"max-video-preview:-1"},"canonical":"https:\/\/ele-konstrakt.al\/en\/kontakt\/","og_locale":"en_US","og_type":"article","og_title":"Kontakt - ELE KONSTRAKT","og_description":"ELE KONSTRAKT Kontakt - Tel: (+355) 69 25 27 877 - Email: elekonstrakt@gmail.com - Adresa: Rr. Vaqarr-Tiran\u00eb, km 4","og_url":"https:\/\/ele-konstrakt.al\/en\/kontakt\/","og_site_name":"ELE KONSTRAKT","article_publisher":"https:\/\/www.facebook.com\/ele.konstrakt.1","article_modified_time":"2025-02-01T07:34:09+00:00","twitter_card":"summary_large_image","twitter_misc":{"Est. reading time":"1 minute"},"schema":{"@context":"https:\/\/schema.org","@graph":[{"@type":"WebPage","@id":"https:\/\/ele-konstrakt.al\/kontakt\/","url":"https:\/\/ele-konstrakt.al\/kontakt\/","name":"Kontakt - ELE KONSTRAKT","isPartOf":{"@id":"https:\/\/ele-konstrakt.al\/#website"},"datePublished":"2020-02-24T03:37:52+00:00","dateModified":"2025-02-01T07:34:09+00:00","description":"ELE KONSTRAKT Kontakt - Tel: (+355) 69 25 27 877 - Email: elekonstrakt@gmail.com - Adresa: Rr. Vaqarr-Tiran\u00eb, km 4","breadcrumb":{"@id":"https:\/\/ele-konstrakt.al\/kontakt\/#breadcrumb"},"inLanguage":"en-US","potentialAction":[{"@type":"ReadAction","target":["https:\/\/ele-konstrakt.al\/kontakt\/"]}]},{"@type":"BreadcrumbList","@id":"https:\/\/ele-konstrakt.al\/kontakt\/#breadcrumb","itemListElement":[{"@type":"ListItem","position":1,"name":"Home","item":"https:\/\/ele-konstrakt.al\/"},{"@type":"ListItem","position":2,"name":"Kontakt"}]},{"@type":"WebSite","@id":"https:\/\/ele-konstrakt.al\/#website","url":"https:\/\/ele-konstrakt.al\/","name":"ELE KONSTRAKT","description":"Partneri juar i besuar","publisher":{"@id":"https:\/\/ele-konstrakt.al\/#organization"},"potentialAction":[{"@type":"SearchAction","target":{"@type":"EntryPoint","urlTemplate":"https:\/\/ele-konstrakt.al\/?s={search_term_string}"},"query-input":"required name=search_term_string"}],"inLanguage":"en-US"},{"@type":"Organization","@id":"https:\/\/ele-konstrakt.al\/#organization","name":"ELE KONSTRAKT","url":"https:\/\/ele-konstrakt.al\/","sameAs":["https:\/\/www.instagram.com\/ele_konstrakt_shpk\/","https:\/\/www.facebook.com\/ele.konstrakt.1"],"logo":{"@type":"ImageObject","inLanguage":"en-US","@id":"https:\/\/ele-konstrakt.al\/#\/schema\/logo\/image\/","url":"https:\/\/ele-konstrakt.al\/wp-content\/uploads\/2020\/07\/logo_ele.png","contentUrl":"https:\/\/ele-konstrakt.al\/wp-content\/uploads\/2020\/07\/logo_ele.png","width":505,"height":67,"caption":"ELE KONSTRAKT"},"image":{"@id":"https:\/\/ele-konstrakt.al\/#\/schema\/logo\/image\/"}}]}},"_links":{"self":[{"href":"https:\/\/ele-konstrakt.al\/en\/wp-json\/wp\/v2\/pages\/40"}],"collection":[{"href":"https:\/\/ele-konstrakt.al\/en\/wp-json\/wp\/v2\/pages"}],"about":[{"href":"https:\/\/ele-konstrakt.al\/en\/wp-json\/wp\/v2\/types\/page"}],"author":[{"embeddable":true,"href":"https:\/\/ele-konstrakt.al\/en\/wp-json\/wp\/v2\/users\/1"}],"replies":[{"embeddable":true,"href":"https:\/\/ele-konstrakt.al\/en\/wp-json\/wp\/v2\/comments?post=40"}],"version-history":[{"count":17,"href":"https:\/\/ele-konstrakt.al\/en\/wp-json\/wp\/v2\/pages\/40\/revisions"}],"predecessor-version":[{"id":4248,"href":"https:\/\/ele-konstrakt.al\/en\/wp-json\/wp\/v2\/pages\/40\/revisions\/4248"}],"wp:attachment":[{"href":"https:\/\/ele-konstrakt.al\/en\/wp-json\/wp\/v2\/media?parent=40"}],"curies":[{"name":"wp","href":"https:\/\/api.w.org\/{rel}","templated":true}]}}