{"id":26,"date":"2020-02-24T03:32:49","date_gmt":"2020-02-24T03:32:49","guid":{"rendered":"https:\/\/old3.commonsupport.com\/rinbuild\/?page_id=26"},"modified":"2024-06-18T07:27:11","modified_gmt":"2024-06-18T07:27:11","slug":"rreth-nesh","status":"publish","type":"page","link":"https:\/\/ele-konstrakt.al\/en\/rreth-nesh\/","title":{"rendered":"About Us"},"content":{"rendered":"<div data-elementor-type=\"wp-page\" data-elementor-id=\"26\" class=\"elementor elementor-26\">\n\t\t\t\t\t\t<div class=\"elementor-inner\">\n\t\t\t\t<div class=\"elementor-section-wrap\">\n\t\t\t\t\t\t\t\t\t<section class=\"elementor-section elementor-top-section elementor-element elementor-element-deb59df elementor-section-full_width elementor-section-height-default elementor-section-height-default\" data-id=\"deb59df\" data-element_type=\"section\">\n\t\t\t\t\t\t<div class=\"elementor-container elementor-column-gap-default\">\n\t\t\t\t\t\t\t<div class=\"elementor-row\">\n\t\t\t\t\t<div class=\"elementor-column elementor-col-100 elementor-top-column elementor-element elementor-element-629dbca\" data-id=\"629dbca\" data-element_type=\"column\">\n\t\t\t<div class=\"elementor-column-wrap elementor-element-populated\">\n\t\t\t\t\t\t\t<div class=\"elementor-widget-wrap\">\n\t\t\t\t\t\t<div class=\"elementor-element elementor-element-81cf668 elementor-widget elementor-widget-rinbuild_welcome\" data-id=\"81cf668\" data-element_type=\"widget\" data-widget_type=\"rinbuild_welcome.default\">\n\t\t\t\t<div class=\"elementor-widget-container\">\n\t\t\t<section class=\"about-style1-area style3\"> \n    <div class=\"container\">\n        <div class=\"row\">\n            <div class=\"col-xl-12 col-lg-12\">\n                <div class=\"about-style1-text-box style3\">\n                    <div class=\"title\">\n                        <p><\/p>\n                        <h1>Ele - Konstrakt<\/h1>\n                    <\/div>\n                    <div class=\"inner-contant\">\n                        <p>The company \u201cEle Konstrakt\u201d sh.p.k has started its business activity in 1998 in Athens (Greece), as a small business entity beginning with a small group of employees, but constantly growing due to its hard work, quality and correctness. <br><br>\nIn 2012, the business was transferred to Albania under the name \u201cEle Konstrakt sh.p.k\u201d. There were efforts to step along with high technology development, considering seminars, training programs for the employees and other on job training courses a top priority of ours. Core projects of our production program comprised mainly the execution works of large multifunctional facilities, residential compounds, villas, shopping centers, hotels, etc. <br><br>\nTypes of works and services including at the first instant steel constructions, stainless steel productions, steel windows (Jansen, Secco, etc.), glass parapets, metal stairs, shower cabins, armored gates with pivot system, decorative works, etc. \u201cEle Konstrakt sh.p.k\u201d has expanded its activity by exporting its products to many countries, including the USA, England, Italy, Greece, etc.\n<\/p>\n                        <div class=\"signature-box\">\n                            <img decoding=\"async\" src=\"https:\/\/ele-konstrakt.al\/wp-content\/uploads\/2022\/09\/ele_construct_building_glass_facade.jpg\" alt=\"Signature\">    \n                        <\/div>\n                    <\/div>    \n                <\/div>  \n            <\/div>\n        <\/div> \n    <\/div>    \n<\/section>\n\t\t\t\t<\/div>\n\t\t\t\t<\/div>\n\t\t\t\t\t\t<\/div>\n\t\t\t\t\t<\/div>\n\t\t<\/div>\n\t\t\t\t\t\t\t\t<\/div>\n\t\t\t\t\t<\/div>\n\t\t<\/section>\n\t\t\t\t\t\t\t\t\t<\/div>\n\t\t\t<\/div>\n\t\t\t\t\t<\/div>","protected":false},"excerpt":{"rendered":"<p>Ele &#8211; Konstrakt Kompania &#8220;Ele Konstrakt sh.p.k.&#8221; e ka nisur veprimtarin\u00eb e saj n\u00eb vitin 1998 n\u00eb Athin\u00eb (Greqi), si person fizik me nj\u00eb grup te vog\u00ebl punonj\u00ebsish, duke u rritur vazhdimisht n\u00eb saj t\u00eb pun\u00ebs s\u00eb palodhur, cilesis\u00eb dhe korrekt\u00ebsis\u00eb. N\u00eb vitin 2012 u zhvendos n\u00eb Shqip\u00ebri ku m\u00eb von\u00eb mori emrin &#8220;Ele Konstrakt [&hellip;]<\/p>","protected":false},"author":1,"featured_media":0,"parent":0,"menu_order":0,"comment_status":"closed","ping_status":"closed","template":"tpl-default-elementor.php","meta":{"footnotes":""},"class_list":["post-26","page","type-page","status-publish","hentry"],"yoast_head":"<!-- This site is optimized with the Yoast SEO plugin v19.7.1 - https:\/\/yoast.com\/wordpress\/plugins\/seo\/ -->\n<title>Rreth Nesh - ELE KONSTRAKT<\/title>\n<meta name=\"description\" content=\"ELE KONSTRAKT - Punime dhe sh\u00ebrbime: konstruksione \u00e7eliku, inoksi, vetrata \u00e7eliku (Jansen, Secco, etj.), parapet xhami, porta t\u00eb blinduara...\" \/>\n<meta name=\"robots\" content=\"index, follow, max-snippet:-1, max-image-preview:large, max-video-preview:-1\" \/>\n<link rel=\"canonical\" href=\"https:\/\/ele-konstrakt.al\/en\/rreth-nesh\/\" \/>\n<meta property=\"og:locale\" content=\"en_US\" \/>\n<meta property=\"og:type\" content=\"article\" \/>\n<meta property=\"og:title\" content=\"Rreth Nesh - ELE KONSTRAKT\" \/>\n<meta property=\"og:description\" content=\"ELE KONSTRAKT - Punime dhe sh\u00ebrbime: konstruksione \u00e7eliku, inoksi, vetrata \u00e7eliku (Jansen, Secco, etj.), parapet xhami, porta t\u00eb blinduara...\" \/>\n<meta property=\"og:url\" content=\"https:\/\/ele-konstrakt.al\/en\/rreth-nesh\/\" \/>\n<meta property=\"og:site_name\" content=\"ELE KONSTRAKT\" \/>\n<meta property=\"article:publisher\" content=\"https:\/\/www.facebook.com\/ele.konstrakt.1\" \/>\n<meta property=\"article:modified_time\" content=\"2024-06-18T07:27:11+00:00\" \/>\n<meta property=\"og:image\" content=\"https:\/\/ele-konstrakt.al\/wp-content\/uploads\/2022\/09\/ele_construct_building_glass_facade.jpg\" \/>\n<meta name=\"twitter:card\" content=\"summary_large_image\" \/>\n<script type=\"application\/ld+json\" class=\"yoast-schema-graph\">{\"@context\":\"https:\/\/schema.org\",\"@graph\":[{\"@type\":\"WebPage\",\"@id\":\"https:\/\/ele-konstrakt.al\/rreth-nesh\/\",\"url\":\"https:\/\/ele-konstrakt.al\/rreth-nesh\/\",\"name\":\"Rreth Nesh - ELE KONSTRAKT\",\"isPartOf\":{\"@id\":\"https:\/\/ele-konstrakt.al\/#website\"},\"datePublished\":\"2020-02-24T03:32:49+00:00\",\"dateModified\":\"2024-06-18T07:27:11+00:00\",\"description\":\"ELE KONSTRAKT - Punime dhe sh\u00ebrbime: konstruksione \u00e7eliku, inoksi, vetrata \u00e7eliku (Jansen, Secco, etj.), parapet xhami, porta t\u00eb blinduara...\",\"breadcrumb\":{\"@id\":\"https:\/\/ele-konstrakt.al\/rreth-nesh\/#breadcrumb\"},\"inLanguage\":\"en-US\",\"potentialAction\":[{\"@type\":\"ReadAction\",\"target\":[\"https:\/\/ele-konstrakt.al\/rreth-nesh\/\"]}]},{\"@type\":\"BreadcrumbList\",\"@id\":\"https:\/\/ele-konstrakt.al\/rreth-nesh\/#breadcrumb\",\"itemListElement\":[{\"@type\":\"ListItem\",\"position\":1,\"name\":\"Home\",\"item\":\"https:\/\/ele-konstrakt.al\/\"},{\"@type\":\"ListItem\",\"position\":2,\"name\":\"Rreth Nesh\"}]},{\"@type\":\"WebSite\",\"@id\":\"https:\/\/ele-konstrakt.al\/#website\",\"url\":\"https:\/\/ele-konstrakt.al\/\",\"name\":\"ELE KONSTRAKT\",\"description\":\"Partneri juar i besuar\",\"publisher\":{\"@id\":\"https:\/\/ele-konstrakt.al\/#organization\"},\"potentialAction\":[{\"@type\":\"SearchAction\",\"target\":{\"@type\":\"EntryPoint\",\"urlTemplate\":\"https:\/\/ele-konstrakt.al\/?s={search_term_string}\"},\"query-input\":\"required name=search_term_string\"}],\"inLanguage\":\"en-US\"},{\"@type\":\"Organization\",\"@id\":\"https:\/\/ele-konstrakt.al\/#organization\",\"name\":\"ELE KONSTRAKT\",\"url\":\"https:\/\/ele-konstrakt.al\/\",\"sameAs\":[\"https:\/\/www.instagram.com\/ele_konstrakt_shpk\/\",\"https:\/\/www.facebook.com\/ele.konstrakt.1\"],\"logo\":{\"@type\":\"ImageObject\",\"inLanguage\":\"en-US\",\"@id\":\"https:\/\/ele-konstrakt.al\/#\/schema\/logo\/image\/\",\"url\":\"https:\/\/ele-konstrakt.al\/wp-content\/uploads\/2020\/07\/logo_ele.png\",\"contentUrl\":\"https:\/\/ele-konstrakt.al\/wp-content\/uploads\/2020\/07\/logo_ele.png\",\"width\":505,\"height\":67,\"caption\":\"ELE KONSTRAKT\"},\"image\":{\"@id\":\"https:\/\/ele-konstrakt.al\/#\/schema\/logo\/image\/\"}}]}<\/script>\n<!-- \/ Yoast SEO plugin. -->","yoast_head_json":{"title":"Rreth Nesh - ELE KONSTRAKT","description":"ELE KONSTRAKT - Punime dhe sh\u00ebrbime: konstruksione \u00e7eliku, inoksi, vetrata \u00e7eliku (Jansen, Secco, etj.), parapet xhami, porta t\u00eb blinduara...","robots":{"index":"index","follow":"follow","max-snippet":"max-snippet:-1","max-image-preview":"max-image-preview:large","max-video-preview":"max-video-preview:-1"},"canonical":"https:\/\/ele-konstrakt.al\/en\/rreth-nesh\/","og_locale":"en_US","og_type":"article","og_title":"Rreth Nesh - ELE KONSTRAKT","og_description":"ELE KONSTRAKT - Punime dhe sh\u00ebrbime: konstruksione \u00e7eliku, inoksi, vetrata \u00e7eliku (Jansen, Secco, etj.), parapet xhami, porta t\u00eb blinduara...","og_url":"https:\/\/ele-konstrakt.al\/en\/rreth-nesh\/","og_site_name":"ELE KONSTRAKT","article_publisher":"https:\/\/www.facebook.com\/ele.konstrakt.1","article_modified_time":"2024-06-18T07:27:11+00:00","og_image":[{"url":"https:\/\/ele-konstrakt.al\/wp-content\/uploads\/2022\/09\/ele_construct_building_glass_facade.jpg"}],"twitter_card":"summary_large_image","schema":{"@context":"https:\/\/schema.org","@graph":[{"@type":"WebPage","@id":"https:\/\/ele-konstrakt.al\/rreth-nesh\/","url":"https:\/\/ele-konstrakt.al\/rreth-nesh\/","name":"Rreth Nesh - ELE KONSTRAKT","isPartOf":{"@id":"https:\/\/ele-konstrakt.al\/#website"},"datePublished":"2020-02-24T03:32:49+00:00","dateModified":"2024-06-18T07:27:11+00:00","description":"ELE KONSTRAKT - Punime dhe sh\u00ebrbime: konstruksione \u00e7eliku, inoksi, vetrata \u00e7eliku (Jansen, Secco, etj.), parapet xhami, porta t\u00eb blinduara...","breadcrumb":{"@id":"https:\/\/ele-konstrakt.al\/rreth-nesh\/#breadcrumb"},"inLanguage":"en-US","potentialAction":[{"@type":"ReadAction","target":["https:\/\/ele-konstrakt.al\/rreth-nesh\/"]}]},{"@type":"BreadcrumbList","@id":"https:\/\/ele-konstrakt.al\/rreth-nesh\/#breadcrumb","itemListElement":[{"@type":"ListItem","position":1,"name":"Home","item":"https:\/\/ele-konstrakt.al\/"},{"@type":"ListItem","position":2,"name":"Rreth Nesh"}]},{"@type":"WebSite","@id":"https:\/\/ele-konstrakt.al\/#website","url":"https:\/\/ele-konstrakt.al\/","name":"ELE KONSTRAKT","description":"Partneri juar i besuar","publisher":{"@id":"https:\/\/ele-konstrakt.al\/#organization"},"potentialAction":[{"@type":"SearchAction","target":{"@type":"EntryPoint","urlTemplate":"https:\/\/ele-konstrakt.al\/?s={search_term_string}"},"query-input":"required name=search_term_string"}],"inLanguage":"en-US"},{"@type":"Organization","@id":"https:\/\/ele-konstrakt.al\/#organization","name":"ELE KONSTRAKT","url":"https:\/\/ele-konstrakt.al\/","sameAs":["https:\/\/www.instagram.com\/ele_konstrakt_shpk\/","https:\/\/www.facebook.com\/ele.konstrakt.1"],"logo":{"@type":"ImageObject","inLanguage":"en-US","@id":"https:\/\/ele-konstrakt.al\/#\/schema\/logo\/image\/","url":"https:\/\/ele-konstrakt.al\/wp-content\/uploads\/2020\/07\/logo_ele.png","contentUrl":"https:\/\/ele-konstrakt.al\/wp-content\/uploads\/2020\/07\/logo_ele.png","width":505,"height":67,"caption":"ELE KONSTRAKT"},"image":{"@id":"https:\/\/ele-konstrakt.al\/#\/schema\/logo\/image\/"}}]}},"_links":{"self":[{"href":"https:\/\/ele-konstrakt.al\/en\/wp-json\/wp\/v2\/pages\/26"}],"collection":[{"href":"https:\/\/ele-konstrakt.al\/en\/wp-json\/wp\/v2\/pages"}],"about":[{"href":"https:\/\/ele-konstrakt.al\/en\/wp-json\/wp\/v2\/types\/page"}],"author":[{"embeddable":true,"href":"https:\/\/ele-konstrakt.al\/en\/wp-json\/wp\/v2\/users\/1"}],"replies":[{"embeddable":true,"href":"https:\/\/ele-konstrakt.al\/en\/wp-json\/wp\/v2\/comments?post=26"}],"version-history":[{"count":27,"href":"https:\/\/ele-konstrakt.al\/en\/wp-json\/wp\/v2\/pages\/26\/revisions"}],"predecessor-version":[{"id":3354,"href":"https:\/\/ele-konstrakt.al\/en\/wp-json\/wp\/v2\/pages\/26\/revisions\/3354"}],"wp:attachment":[{"href":"https:\/\/ele-konstrakt.al\/en\/wp-json\/wp\/v2\/media?parent=26"}],"curies":[{"name":"wp","href":"https:\/\/api.w.org\/{rel}","templated":true}]}}